{"id":148,"date":"2019-02-10T01:27:34","date_gmt":"2019-02-10T01:27:34","guid":{"rendered":"https:\/\/ragetech.com.br\/maquinasagricolas\/?page_id=148"},"modified":"2019-02-14T19:45:35","modified_gmt":"2019-02-14T19:45:35","slug":"decotadeira-2","status":"publish","type":"page","link":"https:\/\/ragetech.com.br\/maquinasagricolas\/decotadeira-2\/","title":{"rendered":"DECOTADEIRA"},"content":{"rendered":"<p>[et_pb_section fb_built=&#8221;1&#8243; _builder_version=&#8221;3.19.10&#8243;][et_pb_row _builder_version=&#8221;3.19.10&#8243;][et_pb_column type=&#8221;1_2&#8243; _builder_version=&#8221;3.19.10&#8243; parallax=&#8221;off&#8221; parallax_method=&#8221;on&#8221;][et_pb_cta title=&#8221;Decotadeira drh01&#8243; button_text=&#8221;Click Here&#8221; _builder_version=&#8221;3.19.10&#8243; header_font=&#8221;|800||on|||||&#8221; header_text_align=&#8221;left&#8221; header_text_color=&#8221;#000000&#8243; body_font=&#8221;||||||||&#8221; body_text_align=&#8221;left&#8221; body_text_color=&#8221;#000000&#8243; background_color=&#8221;#ffffff&#8221; border_width_all=&#8221;2px&#8221; box_shadow_style=&#8221;preset4&#8243; box_shadow_horizontal=&#8221;20px&#8221; box_shadow_vertical=&#8221;20px&#8221; box_shadow_color=&#8221;#fecb29&#8243; text_orientation=&#8221;left&#8221; background_layout=&#8221;light&#8221; animation_style=&#8221;slide&#8221; animation_direction=&#8221;left&#8221;]<\/p>\n<p>Decotadeira DRH01 desenvolvida especialmente para poda do ponteiro do caf\u00e9, com rapidez, efici\u00eancia e seguran\u00e7a.<\/p>\n<p>&nbsp;<\/p>\n<ul>\n<li>Altura m\u00ednima de corte 1 metro e m\u00e1xima de 2,7 metros;<\/li>\n<li>Altura da torre 3 metros;<\/li>\n<li>Deslocamento de 990 mm vertical;<\/li>\n<li>Inclina\u00e7\u00e3o acionada por pist\u00e3o hidr\u00e1ulico;<\/li>\n<li>Prote\u00e7\u00e3o contra galhos para o operador;<\/li>\n<li>Travamento da torre para transporte.<\/li>\n<\/ul>\n<p>[\/et_pb_cta][\/et_pb_column][et_pb_column type=&#8221;1_2&#8243; _builder_version=&#8221;3.19.10&#8243; parallax=&#8221;off&#8221; parallax_method=&#8221;on&#8221;][et_pb_image src=&#8221;https:\/\/ragetech.com.br\/maquinasagricolas\/wp-content\/uploads\/2019\/02\/Decotadeira.jpg&#8221; align=&#8221;center&#8221; force_fullwidth=&#8221;on&#8221; _builder_version=&#8221;3.19.10&#8243; border_width_all=&#8221;2px&#8221; border_color_all=&#8221;#000000&#8243; box_shadow_style=&#8221;preset4&#8243; box_shadow_horizontal=&#8221;20px&#8221; box_shadow_vertical=&#8221;20px&#8221; box_shadow_color=&#8221;#fecb29&#8243; animation_style=&#8221;slide&#8221; animation_direction=&#8221;right&#8221;][\/et_pb_image][\/et_pb_column][\/et_pb_row][\/et_pb_section]<\/p>\n","protected":false},"excerpt":{"rendered":"<p>Decotadeira DRH01 desenvolvida especialmente para poda do ponteiro do caf\u00e9, com rapidez, efici\u00eancia e seguran\u00e7a. &nbsp; Altura m\u00ednima de corte 1 metro e m\u00e1xima de 2,7 metros; Altura da torre 3 metros; Deslocamento de 990 mm vertical; Inclina\u00e7\u00e3o acionada por pist\u00e3o hidr\u00e1ulico; Prote\u00e7\u00e3o contra galhos para o operador; Travamento da torre para transporte.<\/p>\n","protected":false},"author":1,"featured_media":0,"parent":0,"menu_order":0,"comment_status":"closed","ping_status":"closed","template":"","meta":{"_et_pb_use_builder":"on","_et_pb_old_content":"<!-- wp:divi\/placeholder \/-->","_et_gb_content_width":"","footnotes":""},"_links":{"self":[{"href":"https:\/\/ragetech.com.br\/maquinasagricolas\/wp-json\/wp\/v2\/pages\/148"}],"collection":[{"href":"https:\/\/ragetech.com.br\/maquinasagricolas\/wp-json\/wp\/v2\/pages"}],"about":[{"href":"https:\/\/ragetech.com.br\/maquinasagricolas\/wp-json\/wp\/v2\/types\/page"}],"author":[{"embeddable":true,"href":"https:\/\/ragetech.com.br\/maquinasagricolas\/wp-json\/wp\/v2\/users\/1"}],"replies":[{"embeddable":true,"href":"https:\/\/ragetech.com.br\/maquinasagricolas\/wp-json\/wp\/v2\/comments?post=148"}],"version-history":[{"count":10,"href":"https:\/\/ragetech.com.br\/maquinasagricolas\/wp-json\/wp\/v2\/pages\/148\/revisions"}],"predecessor-version":[{"id":585,"href":"https:\/\/ragetech.com.br\/maquinasagricolas\/wp-json\/wp\/v2\/pages\/148\/revisions\/585"}],"wp:attachment":[{"href":"https:\/\/ragetech.com.br\/maquinasagricolas\/wp-json\/wp\/v2\/media?parent=148"}],"curies":[{"name":"wp","href":"https:\/\/api.w.org\/{rel}","templated":true}]}}