{"id":152,"date":"2019-02-10T01:29:09","date_gmt":"2019-02-10T01:29:09","guid":{"rendered":"https:\/\/ragetech.com.br\/maquinasagricolas\/?page_id=152"},"modified":"2019-02-11T17:06:57","modified_gmt":"2019-02-11T17:06:57","slug":"secador-rotativo-para-cafe-e-outros-graos-srr","status":"publish","type":"page","link":"https:\/\/ragetech.com.br\/maquinasagricolas\/secador-rotativo-para-cafe-e-outros-graos-srr\/","title":{"rendered":"SECADOR ROTATIVO PARA CAF\u00c9 E OUTROS GR\u00c3OS SRR"},"content":{"rendered":"<p>[et_pb_section fb_built=&#8221;1&#8243; _builder_version=&#8221;3.19.10&#8243;][et_pb_row _builder_version=&#8221;3.19.10&#8243;][et_pb_column type=&#8221;1_2&#8243; _builder_version=&#8221;3.19.10&#8243; parallax=&#8221;off&#8221; parallax_method=&#8221;on&#8221;][et_pb_cta title=&#8221;Secador Rotativo para caf\u00e9 e outros gr\u00e3os SRR&#8221; button_text=&#8221;Click Here&#8221; _builder_version=&#8221;3.19.10&#8243; header_font=&#8221;|800||on|||||&#8221; header_text_align=&#8221;left&#8221; header_text_color=&#8221;#000000&#8243; body_font=&#8221;||||||||&#8221; body_text_align=&#8221;left&#8221; body_text_color=&#8221;#000000&#8243; background_color=&#8221;#ffffff&#8221; border_width_all=&#8221;2px&#8221; box_shadow_style=&#8221;preset4&#8243; box_shadow_horizontal=&#8221;20px&#8221; box_shadow_vertical=&#8221;20px&#8221; box_shadow_color=&#8221;#fecb29&#8243; text_orientation=&#8221;left&#8221; background_layout=&#8221;light&#8221; animation_style=&#8221;slide&#8221; animation_direction=&#8221;left&#8221;]<\/p>\n<p><strong>SRR 5000 \u2013 Secador Rotativo 5000 litros;<\/strong><br \/><strong> SRR 7600 \u2013 Secador Rotativo 7600 litros;<\/strong><br \/><strong> SRR 10000 &#8211; Secador Rotativo 10000 litros;<\/strong><br \/><strong> SRR 15000 &#8211; Secador Rotativo 15000 litros.<\/strong><\/p>\n<p><strong><\/strong><\/p>\n<ul>\n<li>Substitui o terreiro de caf\u00e9;<\/li>\n<li>Secagem com maior velocidade;<\/li>\n<li>F\u00e1cil transporte do caf\u00e9 (ou outros gr\u00e3os);<\/li>\n<li>Pode ser usado com pr\u00e9-secador;<\/li>\n<li>Econ\u00f4mico;<\/li>\n<li>Customiz\u00e1vel pelo cliente;<\/li>\n<li>Vendido separadamente ou acompanhado de alimentador de palha, fornalha de fogo indireto, ventilador, elevador para carga e descarga (caneca com 7 polegadas) e tulha (silo);<\/li>\n<li>Motor 5 CV\/1750 RPM.<\/li>\n<\/ul>\n<p>[\/et_pb_cta][\/et_pb_column][et_pb_column type=&#8221;1_2&#8243; _builder_version=&#8221;3.19.10&#8243; parallax=&#8221;off&#8221; parallax_method=&#8221;on&#8221;][et_pb_image src=&#8221;https:\/\/ragetech.com.br\/maquinasagricolas\/wp-content\/uploads\/2019\/02\/secadorrotativo.jpg&#8221; align=&#8221;center&#8221; force_fullwidth=&#8221;on&#8221; _builder_version=&#8221;3.19.10&#8243; border_width_all=&#8221;2px&#8221; border_color_all=&#8221;#000000&#8243; box_shadow_style=&#8221;preset4&#8243; box_shadow_horizontal=&#8221;20px&#8221; box_shadow_vertical=&#8221;20px&#8221; box_shadow_color=&#8221;#fecb29&#8243; animation_style=&#8221;slide&#8221; animation_direction=&#8221;right&#8221;][\/et_pb_image][\/et_pb_column][\/et_pb_row][\/et_pb_section]<\/p>\n","protected":false},"excerpt":{"rendered":"<p>SRR 5000 \u2013 Secador Rotativo 5000 litros; SRR 7600 \u2013 Secador Rotativo 7600 litros; SRR 10000 &#8211; Secador Rotativo 10000 litros; SRR 15000 &#8211; Secador Rotativo 15000 litros. Substitui o terreiro de caf\u00e9; Secagem com maior velocidade; F\u00e1cil transporte do caf\u00e9 (ou outros gr\u00e3os); Pode ser usado com pr\u00e9-secador; Econ\u00f4mico; Customiz\u00e1vel pelo cliente; Vendido separadamente [&hellip;]<\/p>\n","protected":false},"author":1,"featured_media":0,"parent":0,"menu_order":0,"comment_status":"closed","ping_status":"closed","template":"","meta":{"_et_pb_use_builder":"on","_et_pb_old_content":"<!-- wp:divi\/placeholder \/-->","_et_gb_content_width":"","footnotes":""},"_links":{"self":[{"href":"https:\/\/ragetech.com.br\/maquinasagricolas\/wp-json\/wp\/v2\/pages\/152"}],"collection":[{"href":"https:\/\/ragetech.com.br\/maquinasagricolas\/wp-json\/wp\/v2\/pages"}],"about":[{"href":"https:\/\/ragetech.com.br\/maquinasagricolas\/wp-json\/wp\/v2\/types\/page"}],"author":[{"embeddable":true,"href":"https:\/\/ragetech.com.br\/maquinasagricolas\/wp-json\/wp\/v2\/users\/1"}],"replies":[{"embeddable":true,"href":"https:\/\/ragetech.com.br\/maquinasagricolas\/wp-json\/wp\/v2\/comments?post=152"}],"version-history":[{"count":5,"href":"https:\/\/ragetech.com.br\/maquinasagricolas\/wp-json\/wp\/v2\/pages\/152\/revisions"}],"predecessor-version":[{"id":423,"href":"https:\/\/ragetech.com.br\/maquinasagricolas\/wp-json\/wp\/v2\/pages\/152\/revisions\/423"}],"wp:attachment":[{"href":"https:\/\/ragetech.com.br\/maquinasagricolas\/wp-json\/wp\/v2\/media?parent=152"}],"curies":[{"name":"wp","href":"https:\/\/api.w.org\/{rel}","templated":true}]}}