{"id":156,"date":"2019-02-10T01:30:29","date_gmt":"2019-02-10T01:30:29","guid":{"rendered":"https:\/\/ragetech.com.br\/maquinasagricolas\/?page_id=156"},"modified":"2019-02-11T17:27:17","modified_gmt":"2019-02-11T17:27:17","slug":"secador-estatico-sehr","status":"publish","type":"page","link":"https:\/\/ragetech.com.br\/maquinasagricolas\/secador-estatico-sehr\/","title":{"rendered":"SECADOR EST\u00c1TICO SEHR"},"content":{"rendered":"<p>[et_pb_section fb_built=&#8221;1&#8243; _builder_version=&#8221;3.19.10&#8243;][et_pb_row _builder_version=&#8221;3.19.10&#8243;][et_pb_column type=&#8221;1_2&#8243; _builder_version=&#8221;3.19.10&#8243; parallax=&#8221;off&#8221; parallax_method=&#8221;on&#8221;][et_pb_cta title=&#8221;Secador Est\u00e1tico SEHR&#8221; button_text=&#8221;Click Here&#8221; _builder_version=&#8221;3.19.10&#8243; header_font=&#8221;|800||on|||||&#8221; header_text_align=&#8221;left&#8221; header_text_color=&#8221;#000000&#8243; body_font=&#8221;||||||||&#8221; body_text_align=&#8221;left&#8221; body_text_color=&#8221;#000000&#8243; background_color=&#8221;#ffffff&#8221; border_width_all=&#8221;2px&#8221; box_shadow_style=&#8221;preset4&#8243; box_shadow_horizontal=&#8221;20px&#8221; box_shadow_vertical=&#8221;20px&#8221; box_shadow_color=&#8221;#fecb29&#8243; text_orientation=&#8221;left&#8221; background_layout=&#8221;light&#8221; animation_style=&#8221;slide&#8221; animation_direction=&#8221;left&#8221;]<\/p>\n<p><strong>SEHR 15000 \u2013 Secador est\u00e1tico de 15000 litros;<\/strong><br \/><strong> SEHR 30000 \u2013 Secador com caixa dupla de 30000 litros.<\/strong><\/p>\n<p><strong><\/strong><\/p>\n<ul>\n<li>Substitui o terreiro de caf\u00e9;<\/li>\n<li>Secagem com maior velocidade;<\/li>\n<li>F\u00e1cil transporte do caf\u00e9 (ou outros gr\u00e3os);<\/li>\n<li>Pode ser usado com pr\u00e9-secador;<\/li>\n<li>Econ\u00f4mico;<\/li>\n<li>Customiz\u00e1vel pelo cliente;<\/li>\n<li>Vendido separadamente ou acompanhado de alimentador de palha e rosca transportadora.<\/li>\n<\/ul>\n<p>[\/et_pb_cta][\/et_pb_column][et_pb_column type=&#8221;1_2&#8243; _builder_version=&#8221;3.19.10&#8243; parallax=&#8221;off&#8221; parallax_method=&#8221;on&#8221;][et_pb_image src=&#8221;https:\/\/ragetech.com.br\/maquinasagricolas\/wp-content\/uploads\/2019\/02\/secador15000.jpg&#8221; align=&#8221;center&#8221; force_fullwidth=&#8221;on&#8221; _builder_version=&#8221;3.19.10&#8243; border_width_all=&#8221;2px&#8221; border_color_all=&#8221;#000000&#8243; box_shadow_style=&#8221;preset4&#8243; box_shadow_horizontal=&#8221;20px&#8221; box_shadow_vertical=&#8221;20px&#8221; box_shadow_color=&#8221;#fecb29&#8243; animation_style=&#8221;slide&#8221; animation_direction=&#8221;right&#8221;][\/et_pb_image][\/et_pb_column][\/et_pb_row][\/et_pb_section]<\/p>\n","protected":false},"excerpt":{"rendered":"<p>SEHR 15000 \u2013 Secador est\u00e1tico de 15000 litros; SEHR 30000 \u2013 Secador com caixa dupla de 30000 litros. Substitui o terreiro de caf\u00e9; Secagem com maior velocidade; F\u00e1cil transporte do caf\u00e9 (ou outros gr\u00e3os); Pode ser usado com pr\u00e9-secador; Econ\u00f4mico; Customiz\u00e1vel pelo cliente; Vendido separadamente ou acompanhado de alimentador de palha e rosca transportadora.<\/p>\n","protected":false},"author":1,"featured_media":0,"parent":0,"menu_order":0,"comment_status":"closed","ping_status":"closed","template":"","meta":{"_et_pb_use_builder":"on","_et_pb_old_content":"<!-- wp:divi\/placeholder \/-->","_et_gb_content_width":"","footnotes":""},"_links":{"self":[{"href":"https:\/\/ragetech.com.br\/maquinasagricolas\/wp-json\/wp\/v2\/pages\/156"}],"collection":[{"href":"https:\/\/ragetech.com.br\/maquinasagricolas\/wp-json\/wp\/v2\/pages"}],"about":[{"href":"https:\/\/ragetech.com.br\/maquinasagricolas\/wp-json\/wp\/v2\/types\/page"}],"author":[{"embeddable":true,"href":"https:\/\/ragetech.com.br\/maquinasagricolas\/wp-json\/wp\/v2\/users\/1"}],"replies":[{"embeddable":true,"href":"https:\/\/ragetech.com.br\/maquinasagricolas\/wp-json\/wp\/v2\/comments?post=156"}],"version-history":[{"count":5,"href":"https:\/\/ragetech.com.br\/maquinasagricolas\/wp-json\/wp\/v2\/pages\/156\/revisions"}],"predecessor-version":[{"id":432,"href":"https:\/\/ragetech.com.br\/maquinasagricolas\/wp-json\/wp\/v2\/pages\/156\/revisions\/432"}],"wp:attachment":[{"href":"https:\/\/ragetech.com.br\/maquinasagricolas\/wp-json\/wp\/v2\/media?parent=156"}],"curies":[{"name":"wp","href":"https:\/\/api.w.org\/{rel}","templated":true}]}}