{"id":160,"date":"2019-02-10T01:31:50","date_gmt":"2019-02-10T01:31:50","guid":{"rendered":"https:\/\/ragetech.com.br\/maquinasagricolas\/?page_id=160"},"modified":"2019-02-11T17:10:41","modified_gmt":"2019-02-11T17:10:41","slug":"trincha-tr1500","status":"publish","type":"page","link":"https:\/\/ragetech.com.br\/maquinasagricolas\/trincha-tr1500\/","title":{"rendered":"TRINCHA TR1500"},"content":{"rendered":"<p>[et_pb_section fb_built=&#8221;1&#8243; _builder_version=&#8221;3.19.10&#8243;][et_pb_row _builder_version=&#8221;3.19.10&#8243;][et_pb_column type=&#8221;1_2&#8243; _builder_version=&#8221;3.19.10&#8243; parallax=&#8221;off&#8221; parallax_method=&#8221;on&#8221;][et_pb_cta title=&#8221;Trincha TR1500&#8243; button_text=&#8221;Click Here&#8221; _builder_version=&#8221;3.19.10&#8243; header_font=&#8221;|800||on|||||&#8221; header_text_color=&#8221;#000000&#8243; body_font=&#8221;||||||||&#8221; body_text_align=&#8221;left&#8221; body_text_color=&#8221;#000000&#8243; background_color=&#8221;#ffffff&#8221; border_width_all=&#8221;2px&#8221; border_color_all=&#8221;#000000&#8243; box_shadow_style=&#8221;preset4&#8243; box_shadow_horizontal=&#8221;20px&#8221; box_shadow_vertical=&#8221;20px&#8221; box_shadow_color=&#8221;#fecb29&#8243; animation_style=&#8221;slide&#8221; animation_direction=&#8221;left&#8221;]<\/p>\n<p>Trincha TR1500 \u00e9 utilizada para prepara\u00e7\u00e3o do solo triturando todo tipo de material eliminando ervas daninhas, restos de planta\u00e7\u00f5es e impurezas no solo.<\/p>\n<p>&nbsp;<\/p>\n<ul>\n<li>540 RPM na tomada de for\u00e7a;<\/li>\n<li>2200 RPM no eixo do martelos;<\/li>\n<li>450 mm de deslocamento lateral;<\/li>\n<li>Prote\u00e7\u00e3o do rolo liso;<\/li>\n<li>Cilindro hidr\u00e1ulico de acionamento do deslocamento lateral;<\/li>\n<li>Tritura\u00e7\u00e3o de galhos de at\u00e9 6 cm de di\u00e2metro;<\/li>\n<li>12 martelos.<\/li>\n<\/ul>\n<p>[\/et_pb_cta][\/et_pb_column][et_pb_column type=&#8221;1_2&#8243; _builder_version=&#8221;3.19.10&#8243; parallax=&#8221;off&#8221; parallax_method=&#8221;on&#8221;][et_pb_image src=&#8221;https:\/\/ragetech.com.br\/maquinasagricolas\/wp-content\/uploads\/2019\/02\/trincha.jpg&#8221; force_fullwidth=&#8221;on&#8221; _builder_version=&#8221;3.19.10&#8243; border_radii=&#8221;on|1px|1px|1px|1px&#8221; border_width_all=&#8221;2px&#8221; box_shadow_style=&#8221;preset4&#8243; box_shadow_horizontal=&#8221;20px&#8221; box_shadow_vertical=&#8221;20px&#8221; box_shadow_color=&#8221;#fecb29&#8243; animation_style=&#8221;slide&#8221; animation_direction=&#8221;right&#8221;][\/et_pb_image][\/et_pb_column][\/et_pb_row][\/et_pb_section]<\/p>\n","protected":false},"excerpt":{"rendered":"<p>Trincha TR1500 \u00e9 utilizada para prepara\u00e7\u00e3o do solo triturando todo tipo de material eliminando ervas daninhas, restos de planta\u00e7\u00f5es e impurezas no solo. &nbsp; 540 RPM na tomada de for\u00e7a; 2200 RPM no eixo do martelos; 450 mm de deslocamento lateral; Prote\u00e7\u00e3o do rolo liso; Cilindro hidr\u00e1ulico de acionamento do deslocamento lateral; Tritura\u00e7\u00e3o de galhos [&hellip;]<\/p>\n","protected":false},"author":1,"featured_media":0,"parent":0,"menu_order":0,"comment_status":"closed","ping_status":"closed","template":"","meta":{"_et_pb_use_builder":"on","_et_pb_old_content":"","_et_gb_content_width":"","footnotes":""},"_links":{"self":[{"href":"https:\/\/ragetech.com.br\/maquinasagricolas\/wp-json\/wp\/v2\/pages\/160"}],"collection":[{"href":"https:\/\/ragetech.com.br\/maquinasagricolas\/wp-json\/wp\/v2\/pages"}],"about":[{"href":"https:\/\/ragetech.com.br\/maquinasagricolas\/wp-json\/wp\/v2\/types\/page"}],"author":[{"embeddable":true,"href":"https:\/\/ragetech.com.br\/maquinasagricolas\/wp-json\/wp\/v2\/users\/1"}],"replies":[{"embeddable":true,"href":"https:\/\/ragetech.com.br\/maquinasagricolas\/wp-json\/wp\/v2\/comments?post=160"}],"version-history":[{"count":7,"href":"https:\/\/ragetech.com.br\/maquinasagricolas\/wp-json\/wp\/v2\/pages\/160\/revisions"}],"predecessor-version":[{"id":427,"href":"https:\/\/ragetech.com.br\/maquinasagricolas\/wp-json\/wp\/v2\/pages\/160\/revisions\/427"}],"wp:attachment":[{"href":"https:\/\/ragetech.com.br\/maquinasagricolas\/wp-json\/wp\/v2\/media?parent=160"}],"curies":[{"name":"wp","href":"https:\/\/api.w.org\/{rel}","templated":true}]}}