{"id":44,"date":"2019-02-09T22:38:08","date_gmt":"2019-02-09T22:38:08","guid":{"rendered":"https:\/\/ragetech.com.br\/maquinasagricolas\/?page_id=44"},"modified":"2019-02-11T10:53:43","modified_gmt":"2019-02-11T10:53:43","slug":"manutencao-industrial","status":"publish","type":"page","link":"https:\/\/ragetech.com.br\/maquinasagricolas\/manutencao-industrial\/","title":{"rendered":"MANUTEN\u00c7\u00c3O INDUSTRIAL"},"content":{"rendered":"<p>[et_pb_section fb_built=&#8221;1&#8243; _builder_version=&#8221;3.19.10&#8243; background_image=&#8221;https:\/\/ragetech.com.br\/maquinasagricolas\/wp-content\/uploads\/2019\/02\/fundoservicos.jpg&#8221;][et_pb_row _builder_version=&#8221;3.19.10&#8243;][et_pb_column type=&#8221;1_2&#8243; _builder_version=&#8221;3.19.10&#8243; parallax=&#8221;off&#8221; parallax_method=&#8221;on&#8221;][et_pb_cta title=&#8221;MANUTEN\u00c7\u00c3O INDUSTRIAL&#8221; button_text=&#8221;Click Here&#8221; _builder_version=&#8221;3.19.10&#8243; header_font=&#8221;|700|||||||&#8221; header_text_color=&#8221;#ffbf00&#8243; header_font_size_last_edited=&#8221;on|phone&#8221; background_color=&#8221;#000000&#8243; box_shadow_style=&#8221;preset4&#8243; box_shadow_horizontal=&#8221;20px&#8221; box_shadow_vertical=&#8221;20px&#8221; box_shadow_color=&#8221;#ffc300&#8243; animation_style=&#8221;slide&#8221; animation_direction=&#8221;left&#8221; hover_enabled=&#8221;0&#8243; header_font_size_tablet=&#8221;24px&#8221; header_font_size_phone=&#8221;20px&#8221;]<\/p>\n<p style=\"text-align: left;\"><span>Executamos a mais cuidadosa manuten\u00e7\u00e3o geral em variados tipos de equipamentos (mesmo n\u00e3o\u00a0<\/span><span>sendo constru\u00eddos pela nossa empresa):<\/span><\/p>\n<p style=\"text-align: left;\"><span>1. Todo tipo de solda qualificada<\/span><br \/> <span>2. Servi\u00e7o de usinagem em geral<\/span><br \/> <span>3. Desmontagem e montagem de equipamentos mec\u00e2nicos, el\u00e9tricos, eletr\u00f4nicos e hidr\u00e1ulicos.<\/span><\/p>\n<p style=\"text-align: left;\"><span>Caso a sua empresa necessite, tamb\u00e9m disponibilizamos m\u00e3o-de-obra para a manuten\u00e7\u00e3o ser executada dentro das suas depend\u00eancias.<\/span><\/p>\n<p style=\"text-align: left;\"><b>IMPORTANTE:<\/b><span>\u00a0O ideal \u00e9 continuarmos realizando a manuten\u00e7\u00e3o do equipamento mesmo depois\u00a0<\/span><span>de excedido o seu prazo da garantia.<\/span><\/p>\n<p>[\/et_pb_cta][\/et_pb_column][et_pb_column type=&#8221;1_2&#8243; _builder_version=&#8221;3.19.10&#8243; parallax=&#8221;off&#8221; parallax_method=&#8221;on&#8221;][et_pb_image src=&#8221;https:\/\/ragetech.com.br\/maquinasagricolas\/wp-content\/uploads\/2019\/02\/metalurgia.jpg&#8221; _builder_version=&#8221;3.19.10&#8243; border_color_all=&#8221;#e09900&#8243; box_shadow_style=&#8221;preset4&#8243; box_shadow_horizontal=&#8221;20px&#8221; box_shadow_vertical=&#8221;20px&#8221; box_shadow_color=&#8221;#ffc300&#8243; animation_style=&#8221;slide&#8221; animation_direction=&#8221;right&#8221;][\/et_pb_image][\/et_pb_column][\/et_pb_row][\/et_pb_section]<\/p>\n","protected":false},"excerpt":{"rendered":"<p>Executamos a mais cuidadosa manuten\u00e7\u00e3o geral em variados tipos de equipamentos (mesmo n\u00e3o\u00a0sendo constru\u00eddos pela nossa empresa): 1. Todo tipo de solda qualificada 2. Servi\u00e7o de usinagem em geral 3. Desmontagem e montagem de equipamentos mec\u00e2nicos, el\u00e9tricos, eletr\u00f4nicos e hidr\u00e1ulicos. Caso a sua empresa necessite, tamb\u00e9m disponibilizamos m\u00e3o-de-obra para a manuten\u00e7\u00e3o ser executada dentro das [&hellip;]<\/p>\n","protected":false},"author":1,"featured_media":0,"parent":0,"menu_order":0,"comment_status":"closed","ping_status":"closed","template":"","meta":{"_et_pb_use_builder":"on","_et_pb_old_content":"","_et_gb_content_width":"","footnotes":""},"_links":{"self":[{"href":"https:\/\/ragetech.com.br\/maquinasagricolas\/wp-json\/wp\/v2\/pages\/44"}],"collection":[{"href":"https:\/\/ragetech.com.br\/maquinasagricolas\/wp-json\/wp\/v2\/pages"}],"about":[{"href":"https:\/\/ragetech.com.br\/maquinasagricolas\/wp-json\/wp\/v2\/types\/page"}],"author":[{"embeddable":true,"href":"https:\/\/ragetech.com.br\/maquinasagricolas\/wp-json\/wp\/v2\/users\/1"}],"replies":[{"embeddable":true,"href":"https:\/\/ragetech.com.br\/maquinasagricolas\/wp-json\/wp\/v2\/comments?post=44"}],"version-history":[{"count":9,"href":"https:\/\/ragetech.com.br\/maquinasagricolas\/wp-json\/wp\/v2\/pages\/44\/revisions"}],"predecessor-version":[{"id":368,"href":"https:\/\/ragetech.com.br\/maquinasagricolas\/wp-json\/wp\/v2\/pages\/44\/revisions\/368"}],"wp:attachment":[{"href":"https:\/\/ragetech.com.br\/maquinasagricolas\/wp-json\/wp\/v2\/media?parent=44"}],"curies":[{"name":"wp","href":"https:\/\/api.w.org\/{rel}","templated":true}]}}