{"id":462,"date":"2019-02-12T21:55:35","date_gmt":"2019-02-12T21:55:35","guid":{"rendered":"https:\/\/ragetech.com.br\/maquinasagricolas\/?page_id=462"},"modified":"2019-02-12T22:27:11","modified_gmt":"2019-02-12T22:27:11","slug":"reposicao-de-pecas","status":"publish","type":"page","link":"https:\/\/ragetech.com.br\/maquinasagricolas\/reposicao-de-pecas\/","title":{"rendered":"Reposi\u00e7\u00e3o de Pe\u00e7as"},"content":{"rendered":"[et_pb_section fb_built=&#8221;1&#8243; admin_label=&#8221;section&#8221; _builder_version=&#8221;3.19.10&#8243; background_image=&#8221;https:\/\/ragetech.com.br\/maquinasagricolas\/wp-content\/uploads\/2019\/02\/pecasfundo.jpg&#8221;][et_pb_row admin_label=&#8221;row&#8221; _builder_version=&#8221;3.0.48&#8243; background_size=&#8221;initial&#8221; background_position=&#8221;top_left&#8221; background_repeat=&#8221;repeat&#8221;][et_pb_column type=&#8221;4_4&#8243; _builder_version=&#8221;3.0.47&#8243; parallax=&#8221;off&#8221; parallax_method=&#8221;on&#8221;][et_pb_text admin_label=&#8221;Text&#8221; _builder_version=&#8221;3.0.74&#8243; background_size=&#8221;initial&#8221; background_position=&#8221;top_left&#8221; background_repeat=&#8221;repeat&#8221;][\/et_pb_text][\/et_pb_column][\/et_pb_row][et_pb_row _builder_version=&#8221;3.19.10&#8243;][et_pb_column type=&#8221;1_2&#8243; _builder_version=&#8221;3.19.10&#8243; parallax=&#8221;off&#8221; parallax_method=&#8221;on&#8221;][et_pb_cta title=&#8221;REPOSI\u00c7\u00c3O DE PE\u00c7AS&#8221; _builder_version=&#8221;3.19.10&#8243; header_font=&#8221;|700|||||||&#8221; header_text_color=&#8221;#ffbf00&#8243; background_color=&#8221;#000000&#8243; box_shadow_style=&#8221;preset4&#8243; box_shadow_horizontal=&#8221;20px&#8221; box_shadow_vertical=&#8221;20px&#8221; box_shadow_color=&#8221;#fecb29&#8243; animation_style=&#8221;slide&#8221; animation_direction=&#8221;left&#8221;]<p style=\"text-align: left;\">O Grupo Ragetech faz reposi\u00e7\u00e3o de pe\u00e7as de todas as m\u00e1quinas agr\u00edcolas e secadores de caf\u00e9.<\/p>[\/et_pb_cta][\/et_pb_column][et_pb_column type=&#8221;1_2&#8243; _builder_version=&#8221;3.19.10&#8243; parallax=&#8221;off&#8221; parallax_method=&#8221;on&#8221;][et_pb_image src=&#8221;https:\/\/ragetech.com.br\/maquinasagricolas\/wp-content\/uploads\/2019\/02\/pecas.jpg&#8221; _builder_version=&#8221;3.19.10&#8243; box_shadow_style=&#8221;preset4&#8243; box_shadow_horizontal=&#8221;20px&#8221; box_shadow_vertical=&#8221;20px&#8221; box_shadow_color=&#8221;#fecb29&#8243; animation_style=&#8221;slide&#8221; animation_direction=&#8221;right&#8221;][\/et_pb_image][\/et_pb_column][\/et_pb_row][\/et_pb_section]","protected":false},"excerpt":{"rendered":"<p>O Grupo Ragetech faz reposi\u00e7\u00e3o de pe\u00e7as de todas as m\u00e1quinas agr\u00edcolas e secadores de caf\u00e9.<\/p>\n","protected":false},"author":1,"featured_media":0,"parent":0,"menu_order":0,"comment_status":"closed","ping_status":"closed","template":"","meta":{"_et_pb_use_builder":"on","_et_pb_old_content":"<!-- wp:divi\/placeholder \/-->","_et_gb_content_width":"","footnotes":""},"_links":{"self":[{"href":"https:\/\/ragetech.com.br\/maquinasagricolas\/wp-json\/wp\/v2\/pages\/462"}],"collection":[{"href":"https:\/\/ragetech.com.br\/maquinasagricolas\/wp-json\/wp\/v2\/pages"}],"about":[{"href":"https:\/\/ragetech.com.br\/maquinasagricolas\/wp-json\/wp\/v2\/types\/page"}],"author":[{"embeddable":true,"href":"https:\/\/ragetech.com.br\/maquinasagricolas\/wp-json\/wp\/v2\/users\/1"}],"replies":[{"embeddable":true,"href":"https:\/\/ragetech.com.br\/maquinasagricolas\/wp-json\/wp\/v2\/comments?post=462"}],"version-history":[{"count":4,"href":"https:\/\/ragetech.com.br\/maquinasagricolas\/wp-json\/wp\/v2\/pages\/462\/revisions"}],"predecessor-version":[{"id":475,"href":"https:\/\/ragetech.com.br\/maquinasagricolas\/wp-json\/wp\/v2\/pages\/462\/revisions\/475"}],"wp:attachment":[{"href":"https:\/\/ragetech.com.br\/maquinasagricolas\/wp-json\/wp\/v2\/media?parent=462"}],"curies":[{"name":"wp","href":"https:\/\/api.w.org\/{rel}","templated":true}]}}