{"id":57,"date":"2019-02-09T22:54:04","date_gmt":"2019-02-09T22:54:04","guid":{"rendered":"https:\/\/ragetech.com.br\/maquinasagricolas\/?page_id=57"},"modified":"2019-02-15T20:10:42","modified_gmt":"2019-02-15T20:10:42","slug":"projetos-personalizados","status":"publish","type":"page","link":"https:\/\/ragetech.com.br\/maquinasagricolas\/projetos-personalizados\/","title":{"rendered":"PROJETOS PERSONALIZADOS"},"content":{"rendered":"<p>[et_pb_section fb_built=&#8221;1&#8243; _builder_version=&#8221;3.19.10&#8243; background_image=&#8221;https:\/\/ragetech.com.br\/maquinasagricolas\/wp-content\/uploads\/2019\/02\/fundoprojetos.jpg&#8221;][et_pb_row _builder_version=&#8221;3.19.10&#8243;][et_pb_column type=&#8221;1_2&#8243; _builder_version=&#8221;3.19.10&#8243; parallax=&#8221;off&#8221; parallax_method=&#8221;on&#8221;][et_pb_cta title=&#8221; PROJETOS PERSONALIZADOS&#8221; button_text=&#8221;Click Here&#8221; _builder_version=&#8221;3.19.10&#8243; header_font=&#8221;|700|||||||&#8221; header_text_color=&#8221;#ffbf00&#8243; header_font_size_tablet=&#8221;24px&#8221; header_font_size_phone=&#8221;20px&#8221; header_font_size_last_edited=&#8221;on|desktop&#8221; header_letter_spacing_last_edited=&#8221;on|phone&#8221; background_color=&#8221;#000000&#8243; box_shadow_style=&#8221;preset4&#8243; box_shadow_horizontal=&#8221;20px&#8221; box_shadow_vertical=&#8221;20px&#8221; box_shadow_color=&#8221;#fecb29&#8243; animation_style=&#8221;slide&#8221; animation_direction=&#8221;left&#8221;]<\/p>\n<p style=\"text-align: left;\"><span>Desenvolvemos solu\u00e7\u00f5es em projetos industriais de acordo com as necessidades e estrat\u00e9gias da\u00a0<\/span><span>sua empresa.<\/span><\/p>\n<p style=\"text-align: left;\">O GRUPO RAGETECH disponibiliza m\u00e3o de obra especializada para operar dentro e fora das depend\u00eancias nas empresas.<\/p>\n<p>[\/et_pb_cta][\/et_pb_column][et_pb_column type=&#8221;1_2&#8243; _builder_version=&#8221;3.19.10&#8243; parallax=&#8221;off&#8221; parallax_method=&#8221;on&#8221;][et_pb_image src=&#8221;https:\/\/ragetech.com.br\/maquinasagricolas\/wp-content\/uploads\/2019\/02\/projetos.jpg&#8221; _builder_version=&#8221;3.19.10&#8243; box_shadow_style=&#8221;preset4&#8243; box_shadow_horizontal=&#8221;20px&#8221; box_shadow_vertical=&#8221;20px&#8221; box_shadow_color=&#8221;#fecb29&#8243; animation_style=&#8221;slide&#8221; animation_direction=&#8221;right&#8221;][\/et_pb_image][\/et_pb_column][\/et_pb_row][\/et_pb_section]<\/p>\n","protected":false},"excerpt":{"rendered":"<p>Desenvolvemos solu\u00e7\u00f5es em projetos industriais de acordo com as necessidades e estrat\u00e9gias da\u00a0sua empresa. O GRUPO RAGETECH disponibiliza m\u00e3o de obra especializada para operar dentro e fora das depend\u00eancias nas empresas.<\/p>\n","protected":false},"author":1,"featured_media":0,"parent":0,"menu_order":0,"comment_status":"closed","ping_status":"closed","template":"","meta":{"_et_pb_use_builder":"on","_et_pb_old_content":"<!-- wp:divi\/placeholder \/-->","_et_gb_content_width":"","footnotes":""},"_links":{"self":[{"href":"https:\/\/ragetech.com.br\/maquinasagricolas\/wp-json\/wp\/v2\/pages\/57"}],"collection":[{"href":"https:\/\/ragetech.com.br\/maquinasagricolas\/wp-json\/wp\/v2\/pages"}],"about":[{"href":"https:\/\/ragetech.com.br\/maquinasagricolas\/wp-json\/wp\/v2\/types\/page"}],"author":[{"embeddable":true,"href":"https:\/\/ragetech.com.br\/maquinasagricolas\/wp-json\/wp\/v2\/users\/1"}],"replies":[{"embeddable":true,"href":"https:\/\/ragetech.com.br\/maquinasagricolas\/wp-json\/wp\/v2\/comments?post=57"}],"version-history":[{"count":9,"href":"https:\/\/ragetech.com.br\/maquinasagricolas\/wp-json\/wp\/v2\/pages\/57\/revisions"}],"predecessor-version":[{"id":630,"href":"https:\/\/ragetech.com.br\/maquinasagricolas\/wp-json\/wp\/v2\/pages\/57\/revisions\/630"}],"wp:attachment":[{"href":"https:\/\/ragetech.com.br\/maquinasagricolas\/wp-json\/wp\/v2\/media?parent=57"}],"curies":[{"name":"wp","href":"https:\/\/api.w.org\/{rel}","templated":true}]}}